{"id":11,"date":"2020-07-09T11:29:37","date_gmt":"2020-07-09T11:29:37","guid":{"rendered":"https:\/\/fablab.green\/wp\/?page_id=11"},"modified":"2020-10-05T16:26:32","modified_gmt":"2020-10-05T14:26:32","slug":"contact","status":"publish","type":"page","link":"https:\/\/fablab.green\/wp\/contact\/","title":{"rendered":"Kontakt"},"content":{"rendered":"\n<p>Wenn Sie allgemeine Informationen ben\u00f6tigen, kontaktieren Sie uns unter<\/p>\n\n\n\n<p><a href=\"mailto:info@fablab.green\">info@fablab.green<\/a><\/p>\n\n\n\n<p>Wenn Sie zur Gruppe der kleinen und mittleren Unternehmen (KMU) geh\u00f6ren und sich f\u00fcr das Green FabLab interessieren, kontaktieren Sie uns unter<\/p>\n\n\n\n<p><a href=\"mailto:kmu@fablab.green\">kmu@fablab.green<\/a><\/p>\n\n\n\n<p>Wenn Sie eine Schule sind und an einem Workshop mit uns oder an weiteren Informationen interessiert sind, kontaktieren Sie uns unter<\/p>\n\n\n\n<p><a href=\"mailto:schulen@fablab.green\">schulen@fablab.green<\/a><\/p>\n","protected":false},"excerpt":{"rendered":"<p>Wenn Sie allgemeine Informationen ben\u00f6tigen, kontaktieren Sie uns unter info@fablab.green Wenn Sie zur Gruppe der kleinen und mittleren Unternehmen (KMU) geh\u00f6ren und sich f\u00fcr das Green FabLab interessieren, kontaktieren Sie &hellip; <\/p>\n<p class=\"link-more\"><a href=\"https:\/\/fablab.green\/wp\/contact\/\" class=\"more-link\"><span class=\"screen-reader-text\">\u201eKontakt\u201c<\/span> weiterlesen<\/a><\/p>\n","protected":false},"author":2,"featured_media":57,"parent":0,"menu_order":0,"comment_status":"closed","ping_status":"closed","template":"","meta":{"footnotes":""},"yoast_head":"<!-- This site is optimized with the Yoast SEO plugin v21.6 - https:\/\/yoast.com\/wordpress\/plugins\/seo\/ -->\n<title>Kontakt - Green Fablab - Let&#039;s Act Green.<\/title>\n<meta name=\"robots\" content=\"index, follow, max-snippet:-1, max-image-preview:large, max-video-preview:-1\" \/>\n<link rel=\"canonical\" href=\"https:\/\/fablab.green\/wp\/en\/contact\/\" \/>\n<meta property=\"og:locale\" content=\"de_DE\" \/>\n<meta property=\"og:type\" content=\"article\" \/>\n<meta property=\"og:title\" content=\"Kontakt\" \/>\n<meta property=\"og:description\" content=\"Wenn Sie allgemeine Informationen ben\u00f6tigen, kontaktieren Sie uns unter info@fablab.green Wenn Sie zur Gruppe der kleinen und mittleren Unternehmen (KMU) geh\u00f6ren und sich f\u00fcr das Green FabLab interessieren, kontaktieren Sie &hellip; \u201eKontakt\u201c weiterlesen\" \/>\n<meta property=\"og:url\" content=\"https:\/\/fablab.green\/wp\/en\/contact\/\" \/>\n<meta property=\"og:site_name\" content=\"Green Fablab - Let&#039;s Act Green.\" \/>\n<meta property=\"article:modified_time\" content=\"2020-10-05T14:26:32+00:00\" \/>\n<meta property=\"og:image\" content=\"https:\/\/fablab.green\/wp\/wp-content\/uploads\/2020\/07\/GFL_Team_Jonas_Tisch.jpg\" \/>\n\t<meta property=\"og:image:width\" content=\"1732\" \/>\n\t<meta property=\"og:image:height\" content=\"1154\" \/>\n\t<meta property=\"og:image:type\" content=\"image\/jpeg\" \/>\n<meta name=\"twitter:card\" content=\"summary_large_image\" \/>\n<meta name=\"twitter:label1\" content=\"Gesch\u00e4tzte Lesezeit\" \/>\n\t<meta name=\"twitter:data1\" content=\"1\u00a0Minute\" \/>\n<script type=\"application\/ld+json\" class=\"yoast-schema-graph\">{\"@context\":\"https:\/\/schema.org\",\"@graph\":[{\"@type\":\"WebPage\",\"@id\":\"https:\/\/fablab.green\/wp\/en\/contact\/\",\"url\":\"https:\/\/fablab.green\/wp\/en\/contact\/\",\"name\":\"[:en]Contact[:de]Kontakt[:] - Green Fablab - Let&#039;s Act Green.\",\"isPartOf\":{\"@id\":\"https:\/\/fablab.green\/wp\/#website\"},\"datePublished\":\"2020-07-09T11:29:37+00:00\",\"dateModified\":\"2020-10-05T14:26:32+00:00\",\"breadcrumb\":{\"@id\":\"https:\/\/fablab.green\/wp\/en\/contact\/#breadcrumb\"},\"inLanguage\":\"de-DE\",\"potentialAction\":[{\"@type\":\"ReadAction\",\"target\":[\"https:\/\/fablab.green\/wp\/en\/contact\/\"]}]},{\"@type\":\"BreadcrumbList\",\"@id\":\"https:\/\/fablab.green\/wp\/en\/contact\/#breadcrumb\",\"itemListElement\":[{\"@type\":\"ListItem\",\"position\":1,\"name\":\"Home\",\"item\":\"https:\/\/fablab.green\/wp\/en\/\"},{\"@type\":\"ListItem\",\"position\":2,\"name\":\"Contact\"}]},{\"@type\":\"WebSite\",\"@id\":\"https:\/\/fablab.green\/wp\/#website\",\"url\":\"https:\/\/fablab.green\/wp\/\",\"name\":\"Green Fablab - Let&#039;s Act Green.\",\"description\":\"Eine Einrichtung der Hochschule Rhein-Waal (HSRW)\",\"potentialAction\":[{\"@type\":\"SearchAction\",\"target\":{\"@type\":\"EntryPoint\",\"urlTemplate\":\"https:\/\/fablab.green\/wp\/?s={search_term_string}\"},\"query-input\":\"required name=search_term_string\"}],\"inLanguage\":\"de-DE\"}]}<\/script>\n<!-- \/ Yoast SEO plugin. -->","yoast_head_json":{"title":"Kontakt - Green Fablab - Let&#039;s Act Green.","robots":{"index":"index","follow":"follow","max-snippet":"max-snippet:-1","max-image-preview":"max-image-preview:large","max-video-preview":"max-video-preview:-1"},"canonical":"https:\/\/fablab.green\/wp\/en\/contact\/","og_locale":"de_DE","og_type":"article","og_title":"[:en]Contact[:de]Kontakt[:] - Green Fablab - Let&#039;s Act Green.","og_description":"Wenn Sie allgemeine Informationen ben\u00f6tigen, kontaktieren Sie uns unter info@fablab.green Wenn Sie zur Gruppe der kleinen und mittleren Unternehmen (KMU) geh\u00f6ren und sich f\u00fcr das Green FabLab interessieren, kontaktieren Sie &hellip; \u201eKontakt\u201c weiterlesen","og_url":"https:\/\/fablab.green\/wp\/en\/contact\/","og_site_name":"Green Fablab - Let&#039;s Act Green.","article_modified_time":"2020-10-05T14:26:32+00:00","og_image":[{"width":1732,"height":1154,"url":"https:\/\/fablab.green\/wp\/wp-content\/uploads\/2020\/07\/GFL_Team_Jonas_Tisch.jpg","type":"image\/jpeg"}],"twitter_card":"summary_large_image","twitter_misc":{"Gesch\u00e4tzte Lesezeit":"1\u00a0Minute"},"schema":{"@context":"https:\/\/schema.org","@graph":[{"@type":"WebPage","@id":"https:\/\/fablab.green\/wp\/en\/contact\/","url":"https:\/\/fablab.green\/wp\/en\/contact\/","name":"[:en]Contact[:de]Kontakt[:] - Green Fablab - Let&#039;s Act Green.","isPartOf":{"@id":"https:\/\/fablab.green\/wp\/#website"},"datePublished":"2020-07-09T11:29:37+00:00","dateModified":"2020-10-05T14:26:32+00:00","breadcrumb":{"@id":"https:\/\/fablab.green\/wp\/en\/contact\/#breadcrumb"},"inLanguage":"de-DE","potentialAction":[{"@type":"ReadAction","target":["https:\/\/fablab.green\/wp\/en\/contact\/"]}]},{"@type":"BreadcrumbList","@id":"https:\/\/fablab.green\/wp\/en\/contact\/#breadcrumb","itemListElement":[{"@type":"ListItem","position":1,"name":"Home","item":"https:\/\/fablab.green\/wp\/en\/"},{"@type":"ListItem","position":2,"name":"Contact"}]},{"@type":"WebSite","@id":"https:\/\/fablab.green\/wp\/#website","url":"https:\/\/fablab.green\/wp\/","name":"Green Fablab - Let&#039;s Act Green.","description":"Eine Einrichtung der Hochschule Rhein-Waal (HSRW)","potentialAction":[{"@type":"SearchAction","target":{"@type":"EntryPoint","urlTemplate":"https:\/\/fablab.green\/wp\/?s={search_term_string}"},"query-input":"required name=search_term_string"}],"inLanguage":"de-DE"}]}},"_links":{"self":[{"href":"https:\/\/fablab.green\/wp\/wp-json\/wp\/v2\/pages\/11"}],"collection":[{"href":"https:\/\/fablab.green\/wp\/wp-json\/wp\/v2\/pages"}],"about":[{"href":"https:\/\/fablab.green\/wp\/wp-json\/wp\/v2\/types\/page"}],"author":[{"embeddable":true,"href":"https:\/\/fablab.green\/wp\/wp-json\/wp\/v2\/users\/2"}],"replies":[{"embeddable":true,"href":"https:\/\/fablab.green\/wp\/wp-json\/wp\/v2\/comments?post=11"}],"version-history":[{"count":8,"href":"https:\/\/fablab.green\/wp\/wp-json\/wp\/v2\/pages\/11\/revisions"}],"predecessor-version":[{"id":85,"href":"https:\/\/fablab.green\/wp\/wp-json\/wp\/v2\/pages\/11\/revisions\/85"}],"wp:featuredmedia":[{"embeddable":true,"href":"https:\/\/fablab.green\/wp\/wp-json\/wp\/v2\/media\/57"}],"wp:attachment":[{"href":"https:\/\/fablab.green\/wp\/wp-json\/wp\/v2\/media?parent=11"}],"curies":[{"name":"wp","href":"https:\/\/api.w.org\/{rel}","templated":true}]}}