{"id":1276,"date":"2020-09-18T11:33:27","date_gmt":"2020-09-18T09:33:27","guid":{"rendered":"https:\/\/fablab.green\/wp\/?page_id=1276"},"modified":"2020-10-29T14:39:08","modified_gmt":"2020-10-29T13:39:08","slug":"ecocert","status":"publish","type":"page","link":"https:\/\/fablab.green\/wp\/fair-trade-mitmachen-und-mehr-erfahren\/siegel-zu-fairtrade-und-was-sie-kontrollieren\/ecocert\/","title":{"rendered":"Ecocert"},"content":{"rendered":"\n<p><a href=\"https:\/\/www.ecocert.com\/\" target=\"_blank\" rel=\"noreferrer noopener\">ECOCERT<\/a> wurde 1991 in Frankreich zur Zertifizierung von umweltfreundlicher (Bio-) Produktion von Lebensmitteln gegr\u00fcndet. Inzwischen ist sie eine der gr\u00f6\u00dften Bio-Zertifizierungsorganisationen in der Welt und f\u00fchrt Inspektionen in \u00fcber 110 L\u00e4ndern durch.<\/p>\n\n\n\n<p>Neben Lebensmitteln pr\u00fcft ECOCERT auch Kosmetik, Waschmittel, Parfums, und Textilien unter Einbeziehung von sozialer Verantwortung und Fairen Handel. So kontrolliert Ecocert 70% des \u00f6kologischen Landbaus und der verarbeitenden Industrie in Frankreich sowie 30% weltweit.<\/p>\n\n\n\n<figure class=\"wp-block-image size-large\"><img loading=\"lazy\" decoding=\"async\" width=\"640\" height=\"300\" src=\"https:\/\/fablab.green\/wp\/wp-content\/uploads\/2020\/09\/ecocert-siegel-logo.jpg\" alt=\"\" class=\"wp-image-1291\" srcset=\"https:\/\/fablab.green\/wp\/wp-content\/uploads\/2020\/09\/ecocert-siegel-logo.jpg 640w, https:\/\/fablab.green\/wp\/wp-content\/uploads\/2020\/09\/ecocert-siegel-logo-300x141.jpg 300w\" sizes=\"(max-width: 640px) 100vw, 640px\" \/><\/figure>\n\n\n\n<p>Grundlegende Aufgabe von ECOCERT ist es, die strenge Einhaltung vorgegebener bzw. gew\u00e4hlter Standards zu pr\u00fcfen und zu bescheinigen.<\/p>\n\n\n\n<p>In Deutschland ist ECOCERT Deutschland eine durch die zust\u00e4ndigen Beh\u00f6rden bundesweit zugelassene Kontrollstelle f\u00fcr den \u00f6kologischen Landbau und Partner der \u00f6kologischen Landbauverb\u00e4nde (Bioland, Naturland, Demeter etc.). Weiter kontrolliert Ecocert in den Bereichen Bio- und Naturkosmetik (ECOCERT und COSMOS), \u00d6ko-Textilien (GOTS, ECOCERT), nat\u00fcrliche Wasch- und Reinigungsmittel, Lebensmittelsicherheit und Fair Trade (ECOCERT).<\/p>\n\n\n\n<p>Naturland, Rainforest Alliance Certified, UTZ Certified, Fair For Life, und Hand in Hand sind Siegel, die gem\u00e4\u00df Ecocert-Standards zertifiziert sind.<\/p>\n","protected":false},"excerpt":{"rendered":"<p>ECOCERT wurde 1991 in Frankreich zur Zertifizierung von umweltfreundlicher (Bio-) Produktion von Lebensmitteln gegr\u00fcndet. Inzwischen ist sie eine der gr\u00f6\u00dften Bio-Zertifizierungsorganisationen in der Welt und f\u00fchrt Inspektionen in \u00fcber 110 &hellip; <\/p>\n<p class=\"link-more\"><a href=\"https:\/\/fablab.green\/wp\/fair-trade-mitmachen-und-mehr-erfahren\/siegel-zu-fairtrade-und-was-sie-kontrollieren\/ecocert\/\" class=\"more-link\"><span class=\"screen-reader-text\">\u201eEcocert\u201c<\/span> weiterlesen<\/a><\/p>\n","protected":false},"author":6,"featured_media":0,"parent":1271,"menu_order":0,"comment_status":"closed","ping_status":"closed","template":"","meta":{"footnotes":""},"yoast_head":"<!-- This site is optimized with the Yoast SEO plugin v21.6 - https:\/\/yoast.com\/wordpress\/plugins\/seo\/ -->\n<title>Ecocert - Green Fablab - Let&#039;s Act Green.<\/title>\n<meta name=\"robots\" content=\"index, follow, max-snippet:-1, max-image-preview:large, max-video-preview:-1\" \/>\n<link rel=\"canonical\" href=\"https:\/\/fablab.green\/wp\/en\/fair-trade-mitmachen-und-mehr-erfahren\/siegel-zu-fairtrade-und-was-sie-kontrollieren\/ecocert\/\" \/>\n<meta property=\"og:locale\" content=\"de_DE\" \/>\n<meta property=\"og:type\" content=\"article\" \/>\n<meta property=\"og:title\" content=\"Ecocert\" \/>\n<meta property=\"og:description\" content=\"ECOCERT wurde 1991 in Frankreich zur Zertifizierung von umweltfreundlicher (Bio-) Produktion von Lebensmitteln gegr\u00fcndet. Inzwischen ist sie eine der gr\u00f6\u00dften Bio-Zertifizierungsorganisationen in der Welt und f\u00fchrt Inspektionen in \u00fcber 110 &hellip; \u201eEcocert\u201c weiterlesen\" \/>\n<meta property=\"og:url\" content=\"https:\/\/fablab.green\/wp\/en\/fair-trade-mitmachen-und-mehr-erfahren\/siegel-zu-fairtrade-und-was-sie-kontrollieren\/ecocert\/\" \/>\n<meta property=\"og:site_name\" content=\"Green Fablab - Let&#039;s Act Green.\" \/>\n<meta property=\"article:modified_time\" content=\"2020-10-29T13:39:08+00:00\" \/>\n<meta property=\"og:image\" content=\"https:\/\/fablab.green\/wp\/wp-content\/uploads\/2020\/09\/ecocert-siegel-logo.jpg\" \/>\n<meta name=\"twitter:card\" content=\"summary_large_image\" \/>\n<meta name=\"twitter:label1\" content=\"Gesch\u00e4tzte Lesezeit\" \/>\n\t<meta name=\"twitter:data1\" content=\"2\u00a0Minuten\" \/>\n<script type=\"application\/ld+json\" class=\"yoast-schema-graph\">{\"@context\":\"https:\/\/schema.org\",\"@graph\":[{\"@type\":\"WebPage\",\"@id\":\"https:\/\/fablab.green\/wp\/en\/fair-trade-mitmachen-und-mehr-erfahren\/siegel-zu-fairtrade-und-was-sie-kontrollieren\/ecocert\/\",\"url\":\"https:\/\/fablab.green\/wp\/en\/fair-trade-mitmachen-und-mehr-erfahren\/siegel-zu-fairtrade-und-was-sie-kontrollieren\/ecocert\/\",\"name\":\"[:de]Ecocert[:] - Green Fablab - Let&#039;s Act Green.\",\"isPartOf\":{\"@id\":\"https:\/\/fablab.green\/wp\/#website\"},\"datePublished\":\"2020-09-18T09:33:27+00:00\",\"dateModified\":\"2020-10-29T13:39:08+00:00\",\"breadcrumb\":{\"@id\":\"https:\/\/fablab.green\/wp\/en\/fair-trade-mitmachen-und-mehr-erfahren\/siegel-zu-fairtrade-und-was-sie-kontrollieren\/ecocert\/#breadcrumb\"},\"inLanguage\":\"de-DE\",\"potentialAction\":[{\"@type\":\"ReadAction\",\"target\":[\"https:\/\/fablab.green\/wp\/en\/fair-trade-mitmachen-und-mehr-erfahren\/siegel-zu-fairtrade-und-was-sie-kontrollieren\/ecocert\/\"]}]},{\"@type\":\"BreadcrumbList\",\"@id\":\"https:\/\/fablab.green\/wp\/en\/fair-trade-mitmachen-und-mehr-erfahren\/siegel-zu-fairtrade-und-was-sie-kontrollieren\/ecocert\/#breadcrumb\",\"itemListElement\":[{\"@type\":\"ListItem\",\"position\":1,\"name\":\"Home\",\"item\":\"https:\/\/fablab.green\/wp\/en\/\"},{\"@type\":\"ListItem\",\"position\":2,\"name\":\"Fair Trade: Participate and learn more\",\"item\":\"https:\/\/fablab.green\/wp\/en\/fair-trade-mitmachen-und-mehr-erfahren\/\"},{\"@type\":\"ListItem\",\"position\":3,\"name\":\"Seal to Fairtrade and what they control\",\"item\":\"https:\/\/fablab.green\/wp\/en\/fair-trade-mitmachen-und-mehr-erfahren\/siegel-zu-fairtrade-und-was-sie-kontrollieren\/\"},{\"@type\":\"ListItem\",\"position\":4,\"name\":\"Ecocert\"}]},{\"@type\":\"WebSite\",\"@id\":\"https:\/\/fablab.green\/wp\/#website\",\"url\":\"https:\/\/fablab.green\/wp\/\",\"name\":\"Green Fablab - Let&#039;s Act Green.\",\"description\":\"Eine Einrichtung der Hochschule Rhein-Waal (HSRW)\",\"potentialAction\":[{\"@type\":\"SearchAction\",\"target\":{\"@type\":\"EntryPoint\",\"urlTemplate\":\"https:\/\/fablab.green\/wp\/?s={search_term_string}\"},\"query-input\":\"required name=search_term_string\"}],\"inLanguage\":\"de-DE\"}]}<\/script>\n<!-- \/ Yoast SEO plugin. -->","yoast_head_json":{"title":"Ecocert - Green Fablab - Let&#039;s Act Green.","robots":{"index":"index","follow":"follow","max-snippet":"max-snippet:-1","max-image-preview":"max-image-preview:large","max-video-preview":"max-video-preview:-1"},"canonical":"https:\/\/fablab.green\/wp\/en\/fair-trade-mitmachen-und-mehr-erfahren\/siegel-zu-fairtrade-und-was-sie-kontrollieren\/ecocert\/","og_locale":"de_DE","og_type":"article","og_title":"[:de]Ecocert[:] - Green Fablab - Let&#039;s Act Green.","og_description":"ECOCERT wurde 1991 in Frankreich zur Zertifizierung von umweltfreundlicher (Bio-) Produktion von Lebensmitteln gegr\u00fcndet. Inzwischen ist sie eine der gr\u00f6\u00dften Bio-Zertifizierungsorganisationen in der Welt und f\u00fchrt Inspektionen in \u00fcber 110 &hellip; \u201eEcocert\u201c weiterlesen","og_url":"https:\/\/fablab.green\/wp\/en\/fair-trade-mitmachen-und-mehr-erfahren\/siegel-zu-fairtrade-und-was-sie-kontrollieren\/ecocert\/","og_site_name":"Green Fablab - Let&#039;s Act Green.","article_modified_time":"2020-10-29T13:39:08+00:00","og_image":[{"url":"https:\/\/fablab.green\/wp\/wp-content\/uploads\/2020\/09\/ecocert-siegel-logo.jpg"}],"twitter_card":"summary_large_image","twitter_misc":{"Gesch\u00e4tzte Lesezeit":"2\u00a0Minuten"},"schema":{"@context":"https:\/\/schema.org","@graph":[{"@type":"WebPage","@id":"https:\/\/fablab.green\/wp\/en\/fair-trade-mitmachen-und-mehr-erfahren\/siegel-zu-fairtrade-und-was-sie-kontrollieren\/ecocert\/","url":"https:\/\/fablab.green\/wp\/en\/fair-trade-mitmachen-und-mehr-erfahren\/siegel-zu-fairtrade-und-was-sie-kontrollieren\/ecocert\/","name":"[:de]Ecocert[:] - Green Fablab - Let&#039;s Act Green.","isPartOf":{"@id":"https:\/\/fablab.green\/wp\/#website"},"datePublished":"2020-09-18T09:33:27+00:00","dateModified":"2020-10-29T13:39:08+00:00","breadcrumb":{"@id":"https:\/\/fablab.green\/wp\/en\/fair-trade-mitmachen-und-mehr-erfahren\/siegel-zu-fairtrade-und-was-sie-kontrollieren\/ecocert\/#breadcrumb"},"inLanguage":"de-DE","potentialAction":[{"@type":"ReadAction","target":["https:\/\/fablab.green\/wp\/en\/fair-trade-mitmachen-und-mehr-erfahren\/siegel-zu-fairtrade-und-was-sie-kontrollieren\/ecocert\/"]}]},{"@type":"BreadcrumbList","@id":"https:\/\/fablab.green\/wp\/en\/fair-trade-mitmachen-und-mehr-erfahren\/siegel-zu-fairtrade-und-was-sie-kontrollieren\/ecocert\/#breadcrumb","itemListElement":[{"@type":"ListItem","position":1,"name":"Home","item":"https:\/\/fablab.green\/wp\/en\/"},{"@type":"ListItem","position":2,"name":"Fair Trade: Participate and learn more","item":"https:\/\/fablab.green\/wp\/en\/fair-trade-mitmachen-und-mehr-erfahren\/"},{"@type":"ListItem","position":3,"name":"Seal to Fairtrade and what they control","item":"https:\/\/fablab.green\/wp\/en\/fair-trade-mitmachen-und-mehr-erfahren\/siegel-zu-fairtrade-und-was-sie-kontrollieren\/"},{"@type":"ListItem","position":4,"name":"Ecocert"}]},{"@type":"WebSite","@id":"https:\/\/fablab.green\/wp\/#website","url":"https:\/\/fablab.green\/wp\/","name":"Green Fablab - Let&#039;s Act Green.","description":"Eine Einrichtung der Hochschule Rhein-Waal (HSRW)","potentialAction":[{"@type":"SearchAction","target":{"@type":"EntryPoint","urlTemplate":"https:\/\/fablab.green\/wp\/?s={search_term_string}"},"query-input":"required name=search_term_string"}],"inLanguage":"de-DE"}]}},"_links":{"self":[{"href":"https:\/\/fablab.green\/wp\/wp-json\/wp\/v2\/pages\/1276"}],"collection":[{"href":"https:\/\/fablab.green\/wp\/wp-json\/wp\/v2\/pages"}],"about":[{"href":"https:\/\/fablab.green\/wp\/wp-json\/wp\/v2\/types\/page"}],"author":[{"embeddable":true,"href":"https:\/\/fablab.green\/wp\/wp-json\/wp\/v2\/users\/6"}],"replies":[{"embeddable":true,"href":"https:\/\/fablab.green\/wp\/wp-json\/wp\/v2\/comments?post=1276"}],"version-history":[{"count":4,"href":"https:\/\/fablab.green\/wp\/wp-json\/wp\/v2\/pages\/1276\/revisions"}],"predecessor-version":[{"id":1408,"href":"https:\/\/fablab.green\/wp\/wp-json\/wp\/v2\/pages\/1276\/revisions\/1408"}],"up":[{"embeddable":true,"href":"https:\/\/fablab.green\/wp\/wp-json\/wp\/v2\/pages\/1271"}],"wp:attachment":[{"href":"https:\/\/fablab.green\/wp\/wp-json\/wp\/v2\/media?parent=1276"}],"curies":[{"name":"wp","href":"https:\/\/api.w.org\/{rel}","templated":true}]}}