{"id":630,"date":"2020-08-03T16:53:13","date_gmt":"2020-08-03T14:53:13","guid":{"rendered":"https:\/\/fablab.green\/wp\/?page_id=630"},"modified":"2023-11-29T12:07:11","modified_gmt":"2023-11-29T11:07:11","slug":"kompost","status":"publish","type":"page","link":"https:\/\/fablab.green\/wp\/kompost\/","title":{"rendered":"Trommelkomposter"},"content":{"rendered":"\n<p><em>Trommelkomposter: Trommelf\u00f6rmiger Kompostbeh\u00e4lter mit guter Durchmischung der Biomasse zur schnellen Kompostierung von Bioabfall Aus Bioabfall wird wertvoller D\u00fcnger<\/em><\/p>\n\n\n\n<p>Beim Kompostieren werden organische Materialien wie Obst- und Gem\u00fcsereste, Eierschalen und Kaffeesatz oder Gartenabf\u00e4lle zersetzt und zu n\u00e4hrstoffreichem Humus umgesetzt, der dann als D\u00fcnger in den Hochbeeten genutzt werden kann. Es gibt viele verschiedene Arten von Kompost- beh\u00e4ltern. Hierbei spielt das Material und die Gr\u00f6\u00dfe eine Rolle. Sie werden aus Holz, Metall oder Plastik hergestellt. Es ist wichtig, dass der Kompost immer gut bel\u00fcftet ist, sodass die Organismen (Bakterien, Pilze, W\u00fcrmer, Insekten,\u2026), die f\u00fcr den Kompostierungsprozess zust\u00e4ndig sind, immer mit Luft und Wasser versorgt werden. Im Trommelkomposter ist die Durchmischung sehr einfach, er wurde im Rahmen eines Studierendenprojekts von Studierenden der Hochschule in Kleve gebaut.<\/p>\n\n\n\n<figure class=\"wp-block-image size-large\"><img decoding=\"async\" src=\"https:\/\/fablab.green\/wp\/wp-content\/uploads\/2020\/08\/trommelkompost_800.png\" alt=\"\" class=\"wp-image-631\"\/><\/figure>\n","protected":false},"excerpt":{"rendered":"<p>Trommelkomposter: Trommelf\u00f6rmiger Kompostbeh\u00e4lter mit guter Durchmischung der Biomasse zur schnellen Kompostierung von Bioabfall Aus Bioabfall wird wertvoller D\u00fcnger Beim Kompostieren werden organische Materialien wie Obst- und Gem\u00fcsereste, Eierschalen und Kaffeesatz &hellip; <\/p>\n<p class=\"link-more\"><a href=\"https:\/\/fablab.green\/wp\/kompost\/\" class=\"more-link\"><span class=\"screen-reader-text\">\u201eTrommelkomposter\u201c<\/span> weiterlesen<\/a><\/p>\n","protected":false},"author":3,"featured_media":0,"parent":0,"menu_order":0,"comment_status":"closed","ping_status":"closed","template":"","meta":{"footnotes":""},"yoast_head":"<!-- This site is optimized with the Yoast SEO plugin v21.6 - https:\/\/yoast.com\/wordpress\/plugins\/seo\/ -->\n<title>Trommelkomposter - Green Fablab - Let&#039;s Act Green.<\/title>\n<meta name=\"robots\" content=\"index, follow, max-snippet:-1, max-image-preview:large, max-video-preview:-1\" \/>\n<link rel=\"canonical\" href=\"https:\/\/fablab.green\/wp\/en\/kompost\/\" \/>\n<meta property=\"og:locale\" content=\"de_DE\" \/>\n<meta property=\"og:type\" content=\"article\" \/>\n<meta property=\"og:title\" content=\"Trommelkomposter\" \/>\n<meta property=\"og:description\" content=\"Trommelkomposter: Trommelf\u00f6rmiger Kompostbeh\u00e4lter mit guter Durchmischung der Biomasse zur schnellen Kompostierung von Bioabfall Aus Bioabfall wird wertvoller D\u00fcnger Beim Kompostieren werden organische Materialien wie Obst- und Gem\u00fcsereste, Eierschalen und Kaffeesatz &hellip; \u201eTrommelkomposter\u201c weiterlesen\" \/>\n<meta property=\"og:url\" content=\"https:\/\/fablab.green\/wp\/en\/kompost\/\" \/>\n<meta property=\"og:site_name\" content=\"Green Fablab - Let&#039;s Act Green.\" \/>\n<meta property=\"article:modified_time\" content=\"2023-11-29T11:07:11+00:00\" \/>\n<meta property=\"og:image\" content=\"https:\/\/fablab.green\/wp\/wp-content\/uploads\/2020\/08\/trommelkompost_800.png\" \/>\n<meta name=\"twitter:card\" content=\"summary_large_image\" \/>\n<meta name=\"twitter:label1\" content=\"Gesch\u00e4tzte Lesezeit\" \/>\n\t<meta name=\"twitter:data1\" content=\"1\u00a0Minute\" \/>\n<script type=\"application\/ld+json\" class=\"yoast-schema-graph\">{\"@context\":\"https:\/\/schema.org\",\"@graph\":[{\"@type\":\"WebPage\",\"@id\":\"https:\/\/fablab.green\/wp\/en\/kompost\/\",\"url\":\"https:\/\/fablab.green\/wp\/en\/kompost\/\",\"name\":\"[:en]Drum Composter[:de]Trommelkomposter[:] - Green Fablab - Let&#039;s Act Green.\",\"isPartOf\":{\"@id\":\"https:\/\/fablab.green\/wp\/#website\"},\"datePublished\":\"2020-08-03T14:53:13+00:00\",\"dateModified\":\"2023-11-29T11:07:11+00:00\",\"breadcrumb\":{\"@id\":\"https:\/\/fablab.green\/wp\/en\/kompost\/#breadcrumb\"},\"inLanguage\":\"de-DE\",\"potentialAction\":[{\"@type\":\"ReadAction\",\"target\":[\"https:\/\/fablab.green\/wp\/en\/kompost\/\"]}]},{\"@type\":\"BreadcrumbList\",\"@id\":\"https:\/\/fablab.green\/wp\/en\/kompost\/#breadcrumb\",\"itemListElement\":[{\"@type\":\"ListItem\",\"position\":1,\"name\":\"Home\",\"item\":\"https:\/\/fablab.green\/wp\/en\/\"},{\"@type\":\"ListItem\",\"position\":2,\"name\":\"Drum Composter\"}]},{\"@type\":\"WebSite\",\"@id\":\"https:\/\/fablab.green\/wp\/#website\",\"url\":\"https:\/\/fablab.green\/wp\/\",\"name\":\"Green Fablab - Let&#039;s Act Green.\",\"description\":\"Eine Einrichtung der Hochschule Rhein-Waal (HSRW)\",\"potentialAction\":[{\"@type\":\"SearchAction\",\"target\":{\"@type\":\"EntryPoint\",\"urlTemplate\":\"https:\/\/fablab.green\/wp\/?s={search_term_string}\"},\"query-input\":\"required name=search_term_string\"}],\"inLanguage\":\"de-DE\"}]}<\/script>\n<!-- \/ Yoast SEO plugin. -->","yoast_head_json":{"title":"Trommelkomposter - Green Fablab - Let&#039;s Act Green.","robots":{"index":"index","follow":"follow","max-snippet":"max-snippet:-1","max-image-preview":"max-image-preview:large","max-video-preview":"max-video-preview:-1"},"canonical":"https:\/\/fablab.green\/wp\/en\/kompost\/","og_locale":"de_DE","og_type":"article","og_title":"[:en]Drum Composter[:de]Trommelkomposter[:] - Green Fablab - Let&#039;s Act Green.","og_description":"Trommelkomposter: Trommelf\u00f6rmiger Kompostbeh\u00e4lter mit guter Durchmischung der Biomasse zur schnellen Kompostierung von Bioabfall Aus Bioabfall wird wertvoller D\u00fcnger Beim Kompostieren werden organische Materialien wie Obst- und Gem\u00fcsereste, Eierschalen und Kaffeesatz &hellip; \u201eTrommelkomposter\u201c weiterlesen","og_url":"https:\/\/fablab.green\/wp\/en\/kompost\/","og_site_name":"Green Fablab - Let&#039;s Act Green.","article_modified_time":"2023-11-29T11:07:11+00:00","og_image":[{"url":"https:\/\/fablab.green\/wp\/wp-content\/uploads\/2020\/08\/trommelkompost_800.png"}],"twitter_card":"summary_large_image","twitter_misc":{"Gesch\u00e4tzte Lesezeit":"1\u00a0Minute"},"schema":{"@context":"https:\/\/schema.org","@graph":[{"@type":"WebPage","@id":"https:\/\/fablab.green\/wp\/en\/kompost\/","url":"https:\/\/fablab.green\/wp\/en\/kompost\/","name":"[:en]Drum Composter[:de]Trommelkomposter[:] - Green Fablab - Let&#039;s Act Green.","isPartOf":{"@id":"https:\/\/fablab.green\/wp\/#website"},"datePublished":"2020-08-03T14:53:13+00:00","dateModified":"2023-11-29T11:07:11+00:00","breadcrumb":{"@id":"https:\/\/fablab.green\/wp\/en\/kompost\/#breadcrumb"},"inLanguage":"de-DE","potentialAction":[{"@type":"ReadAction","target":["https:\/\/fablab.green\/wp\/en\/kompost\/"]}]},{"@type":"BreadcrumbList","@id":"https:\/\/fablab.green\/wp\/en\/kompost\/#breadcrumb","itemListElement":[{"@type":"ListItem","position":1,"name":"Home","item":"https:\/\/fablab.green\/wp\/en\/"},{"@type":"ListItem","position":2,"name":"Drum Composter"}]},{"@type":"WebSite","@id":"https:\/\/fablab.green\/wp\/#website","url":"https:\/\/fablab.green\/wp\/","name":"Green Fablab - Let&#039;s Act Green.","description":"Eine Einrichtung der Hochschule Rhein-Waal (HSRW)","potentialAction":[{"@type":"SearchAction","target":{"@type":"EntryPoint","urlTemplate":"https:\/\/fablab.green\/wp\/?s={search_term_string}"},"query-input":"required name=search_term_string"}],"inLanguage":"de-DE"}]}},"_links":{"self":[{"href":"https:\/\/fablab.green\/wp\/wp-json\/wp\/v2\/pages\/630"}],"collection":[{"href":"https:\/\/fablab.green\/wp\/wp-json\/wp\/v2\/pages"}],"about":[{"href":"https:\/\/fablab.green\/wp\/wp-json\/wp\/v2\/types\/page"}],"author":[{"embeddable":true,"href":"https:\/\/fablab.green\/wp\/wp-json\/wp\/v2\/users\/3"}],"replies":[{"embeddable":true,"href":"https:\/\/fablab.green\/wp\/wp-json\/wp\/v2\/comments?post=630"}],"version-history":[{"count":1,"href":"https:\/\/fablab.green\/wp\/wp-json\/wp\/v2\/pages\/630\/revisions"}],"predecessor-version":[{"id":1806,"href":"https:\/\/fablab.green\/wp\/wp-json\/wp\/v2\/pages\/630\/revisions\/1806"}],"wp:attachment":[{"href":"https:\/\/fablab.green\/wp\/wp-json\/wp\/v2\/media?parent=630"}],"curies":[{"name":"wp","href":"https:\/\/api.w.org\/{rel}","templated":true}]}}