{"id":645,"date":"2020-08-05T12:21:56","date_gmt":"2020-08-05T10:21:56","guid":{"rendered":"https:\/\/fablab.green\/wp\/?page_id=645"},"modified":"2023-11-29T12:07:07","modified_gmt":"2023-11-29T11:07:07","slug":"wind","status":"publish","type":"page","link":"https:\/\/fablab.green\/wp\/wind\/","title":{"rendered":"Windkraftanlage"},"content":{"rendered":"\n<p>Wind ist zurzeit die wichtigste nachhaltige Energiequelle. Der Mensch nutzt die Windenergie mindestens seit dem Fr\u00fchmittelalter, um Korn zu mahlen oder Wasser zu pumpen. Verbunden mit einem Generator l\u00e4sst sich mit einer Windkraftanlage (WKA) elektrischer Strom erzeugen. Im Jahr 2019 betrug die installierte Leistung in Deutschland 54 Gigawatt, wodurch etwa 20% des Strombedarfs gedeckt wurden. \u00dcbrigens z\u00e4hlte die deutsche Windenergiebranche in 2017 etwa 135.000 Besch\u00e4ftigte, gegen\u00fcber 21.000 im Braunkohlebergbau.<\/p>\n\n\n\n<p>Bei der hier ausgestellten Windkraftanlage mit 300 Watt Nennleistung handelt es sich um einen Vertikall\u00e4ufer, bei der sich der Rotor um die senkrechte Achse dreht. Geringe L\u00e4rmentwicklung und Vermeidung von Schlagschatten sind einige der Vorteile gegen\u00fcber den f\u00fcr die Stromerzeugung \u00fcblichen Horizontall\u00e4ufern. Allerdings lassen sich Vertikall\u00e4ufer konstruktionsbedingt bisher nicht so gro\u00df wie Horizontall\u00e4ufer bauen.&nbsp;<\/p>\n\n\n\n<p>Diese Windkraftanlage kombiniert einen tragfl\u00fcgelf\u00f6rmigen Darrieus-Rotor mit einem tonnenf\u00f6rmigen Savonius-Rotor. Der Darrieus-Rotor nutzt das Tragfl\u00e4chenprinzip wie ein Flugzeug. Durch Drehung des Rotors str\u00f6mt Wind an seinen Fl\u00fcgeln vorbei. Die so entstehenden Auftriebskr\u00e4fte machen den Darrieus-Rotor besonders effizient. Leider l\u00e4uft er nicht von selbst an. Der Savonius-Rotor ist kein Auftriebsl\u00e4ufer, funktioniert daf\u00fcr aber schon bei geringen Windgeschwindigkeiten gut. Er wird verwendet, um die Windkraftanlage auf Touren zu bringen, bis der Darrieus-Rotor wirksam wird.<\/p>\n\n\n\n<figure class=\"wp-block-image size-large\"><img decoding=\"async\" src=\"https:\/\/fablab.green\/wp\/wp-content\/uploads\/2020\/08\/lossy-page1-758px-darrieus_02.jpg\" alt=\"\" class=\"wp-image-648\"\/><figcaption><em>Abb. Darrieus-Rotor, kombiniert mit Savinius-Rotor.&nbsp;Quelle:&nbsp;<a href=\"https:\/\/de.wikipedia.org\/wiki\/Darrieus-Rotor\" target=\"_blank\" rel=\"noreferrer noopener\">https:\/\/de.wikipedia.org\/wiki\/Darrieus-Rotor<\/a>, M. G\u00f6llner.<\/em> (CC BY-SA 4.0)<\/figcaption><\/figure>\n\n\n\n<style id=\"bwg-style-0\">      #bwg_container1_0 #bwg_container2_0 .image_browser_images_conteiner_0 * {        -moz-box-sizing: border-box;        box-sizing: border-box;      }      #bwg_container1_0 #bwg_container2_0 .image_browser_images_conteiner_0{\t\tbackground-color: rgba(245, 245, 245, 0.90);\t\ttext-align: center;\t\twidth: 100%;\t\tborder-style: none;\t\tborder-width: 2px;\t\tborder-color: #F7F7F7;\t\tpadding: 4px;\t\tborder-radius: 0;\t\tposition:relative;      }      #bwg_container1_0 #bwg_container2_0 .image_browser_images_0 {\t\tdisplay: inline-block;\t\t-moz-box-sizing: border-box;\t\tbox-sizing: border-box;\t\tfont-size: 0;\t\ttext-align: center;\t\tmax-width: 100%;\t\twidth: 100%;      }      #bwg_container1_0 #bwg_container2_0 .image_browser_image_buttons_conteiner_0 {\t\ttext-align: center;      }      #bwg_container1_0 #bwg_container2_0 .image_browser_image_buttons_0 {\t\tdisplay: inline-block;\t\twidth:100%;      }      #bwg_container1_0 #bwg_container2_0 .bwg_image_browser_image_0 {        background-color: rgba(235, 235, 235, 0.80);\t\ttext-align: center;\t\tdisplay: inline-block;\t\tvertical-align: middle;\t\tmargin: 2px auto;\t\tpadding: 4px;\t\tborder-radius: 0;\t\tborder: 1px none #F5F5F5;\t\tbox-shadow: ;\t\tmax-width: 800px;\t\twidth: 100%;\t\t\/*z-index: 100;*\/\t\tposition: relative;      }      #bwg_container1_0 #bwg_container2_0 .bwg_image_alt_0{\t\tdisplay: table;\t\twidth: 100%;\t\tfont-size: 15px;\t\tfont-family: Ubuntu;\t\tcolor: #000000;\t\ttext-align:center;\t\tpadding-left: 8px;        word-break: break-word;      }      #bwg_container1_0 #bwg_container2_0 .bwg_image_browser_img_0 {        padding: 0 !important;\t\tmax-width: 100% !important;\t\theight: inherit !important;\t\twidth: 100%;      }      @media only screen and (max-width : 320px) {\t\t#bwg_container1_0 #bwg_container2_0 .displaying-num_0 {\t\t  display: none;\t\t}\t\t#bwg_container1_0 #bwg_container2_0 .bwg_image_alt_0 {\t\t  font-size: 10px !important;\t\t}\t\t#bwg_container1_0 #bwg_container2_0 .bwg_watermark_text_0,\t\t#bwg_container1_0 #bwg_container2_0 .bwg_watermark_text_0:hover {\t\t  font-size: 10px !important;\t\t  text-decoration: none;\t\t  margin: 4px;\t\t  font-family: segoe ui;\t\t  color: #FFFFFF !important;\t\t  opacity: 0.30;\t\t  text-decoration: none;\t\t  position: relative;\t\t  z-index: 10141;\t\t}\t\t#bwg_container1_0 #bwg_container2_0 .bwg_image_browser_image_description_0 {\t\t  color: #000000;\t\t  display: table;\t\t  width: 100%;\t\t  text-align: left;\t\t  font-size: 8px !important;\t\t  font-family: Ubuntu;\t\t  padding: 8px 8px 8px 8px;\t\t  \/*word-break: break-all;*\/\t\t  border-style: none;\t\t  background-color: #EBEBEB;\t\t  border-radius: 0;\t\t  border-width: 1px;\t\t}\t\t#bwg_container1_0 #bwg_container2_0 .tablenav-pages_0 a {\t\t  font-size: 10px !important;\t\t}      }      #bwg_container1_0 #bwg_container2_0 .bwg_image_browser_image_desp_0 {\t\t\t\tdisplay: table;\t\t\t\tclear: both;\t\t\t\ttext-align: center;        padding: 0px 5px 0px 5px;\t\t\t\twidth: 100%;      }      #bwg_container1_0 #bwg_container2_0 .bwg_image_browser_image_description_0 {        color: #000000;\t\tdisplay: table;\t\twidth: 100%;\t\ttext-align: left;\t\tfont-size: 15px;\t\tfont-family: Ubuntu;\t\tpadding: 8px 8px 8px 8px;\t\tword-break: break-word;\t\tborder-style: none;\t\tbackground-color: #EBEBEB;\t\tborder-radius: 0;\t\tborder-width: 1px;      }      #bwg_container1_0 #bwg_container2_0 .bwg_image_browser_image_alt_0 {      \tdisplay:table;        clear: both;        text-align: center;        padding: 8px;        width: 100%;      }      \/*watermark*\/      #bwg_container1_0 #bwg_container2_0 .bwg_watermark_text_0,      #bwg_container1_0 #bwg_container2_0 .bwg_watermark_text_0:hover {        text-decoration: none;        margin: 4px;        font-size: 20px;        font-family: segoe ui;        color: #FFFFFF !important;        opacity: 0.30;        position: relative;        z-index: 10141;      }      #bwg_container1_0 #bwg_container2_0 .bwg_image_browser_image_contain_0{        position: absolute;        text-align: center;        vertical-align: middle;        width: 100%;        height: 100%;        cursor: pointer;      }      #bwg_container1_0 #bwg_container2_0 .bwg_image_browser_watermark_contain_0{        display: table;        vertical-align: middle;        width: 100%;        height: 100%;      }\t       #bwg_container1_0 #bwg_container2_0 .bwg_image_browser_watermark_cont_0{        display: table-cell;        text-align: ;        position: relative;        vertical-align: ;      }      #bwg_container1_0 #bwg_container2_0 .bwg_image_browser_watermark_0{\t\tdisplay: inline-block;\t\toverflow: hidden;\t\tposition: relative;\t\tvertical-align: middle;\t\tz-index: 10140;\t\twidth: 90px;\t\tmax-width: 11.25%;\t\tmargin: 10px 10px 10px 10px ;      }      #bwg_container1_0 #bwg_container2_0 .bwg_image_browser_watermark_text_0{        display: inline-block;\t\toverflow: hidden;\t\tposition: relative;\t\tvertical-align: middle;\t\tz-index: 10140;\t\tmargin: 10px 10px 10px 10px;      }      #bwg_container1_0 #bwg_container2_0 .bwg_image_browser_watermark_img_0{        max-width: 100%;        opacity: 0.30;        position: relative;        z-index: 10141;      }      #bwg_container1_0 #bwg_container2_0 .bwg_none_selectable {        -webkit-touch-callout: none;        -webkit-user-select: none;        -khtml-user-select: none;        -moz-user-select: none;        -ms-user-select: none;        user-select: none;       ecoration: none;    }    #bwg_container1_0 #bwg_container2_0 .bwg_gal_title_0 {      background-color: rgba(0, 0, 0, 0);      color: #323A45;      display: block;      font-family: Ubuntu;      font-size: 16px;      font-weight: bold;      padding: 2px;      text-shadow: 0px 0px 0px #888888;      text-align: center;    }    <\/style>    <div id=\"bwg_container1_0\"         class=\"bwg_container bwg_thumbnail bwg_image_browser \"         data-right-click-protection=\"0\"         data-bwg=\"0\"         data-scroll=\"0\"         data-gallery-type=\"image_browser\"         data-gallery-view-type=\"image_browser\"         data-current-url=\"\/wp\/wp-json\/wp\/v2\/pages\/645\"         data-lightbox-url=\"https:\/\/fablab.green\/wp\/wp-admin\/admin-ajax.php?action=GalleryBox&#038;current_view=0&#038;gallery_id=8&#038;tag=0&#038;theme_id=1&#038;shortcode_id=24&#038;sort_by=order&#038;order_by=asc&#038;current_url=%2Fwp%2Fwp-json%2Fwp%2Fv2%2Fpages%2F645\"         data-gallery-id=\"8\"         data-popup-width=\"800\"         data-popup-height=\"500\"         data-is-album=\"gallery\"         data-buttons-position=\"bottom\">      <div id=\"bwg_container2_0\">             <div id=\"ajax_loading_0\" class=\"bwg_loading_div_1\">      <div class=\"bwg_loading_div_2\">        <div class=\"bwg_loading_div_3\">          <div id=\"loading_div_0\" class=\"bwg_spider_ajax_loading\">          <\/div>        <\/div>      <\/div>    <\/div>            <form id=\"gal_front_form_0\"              class=\"bwg-hidden\"              method=\"post\"              action=\"#\"              data-current=\"0\"              data-shortcode-id=\"24\"              data-gallery-type=\"image_browser\"              data-gallery-id=\"8\"              data-tag=\"0\"              data-album-id=\"0\"              data-theme-id=\"1\"              data-ajax-url=\"https:\/\/fablab.green\/wp\/wp-admin\/admin-ajax.php?action=bwg_frontend_data\">          <div id=\"bwg_container3_0\" class=\"bwg-background bwg-background-0\">            \t  <div id=\"bwg_image_browser_0\" class=\"image_browser_images_conteiner_0 bwg-image_browser-images-wrapper bwg-container\"         data-params='{&quot;is_pro&quot;:false,&quot;image_right_click&quot;:0,&quot;gallery_id&quot;:&quot;8&quot;}'         data-bwg=\"0\"         data-lightbox-url=\"https:\/\/fablab.green\/wp\/wp-admin\/admin-ajax.php?action=GalleryBox&#038;current_view=0&#038;gallery_id=8&#038;tag=0&#038;theme_id=1&#038;shortcode_id=24&#038;sort_by=order&#038;order_by=asc&#038;current_url=%2Fwp%2Fwp-json%2Fwp%2Fv2%2Fpages%2F645\">      <div class=\"image_browser_images_0\">                  <div class=\"image_browser_image_buttons_conteiner_0\">            <div class=\"image_browser_image_buttons_0\">                              <div class=\"bwg_image_browser_image_alt_0\">                  <div class=\"bwg_image_alt_0\" id=\"alt13\">                                      <\/div>                <\/div>                              <div class=\"bwg_image_browser_image_0\">                <iframe loading=\"lazy\"  src=\"\/\/www.youtube.com\/embed\/4TjpExGSduQ?enablejsapi=1&wmode=transparent\" id=\"bwg_embed_frame_16x9_0\" width=\"800\" height=\"450\" frameborder=\"0\" allowfullscreen=\"allowfullscreen\" style=\"position: relative; margin:0;\" ><\/iframe>              <\/div>                              <div class=\"bwg_image_browser_image_desp_0\">                  <div class=\"bwg_image_browser_image_description_0\" id=\"alt13\">                    Windkraftanlage im Green FabLab, Kamp-Lintfort                  <\/div>                <\/div>                            <\/div>          <\/div>                <\/div>    <\/div>    <style>      \/*pagination styles*\/      #bwg_container1_0 #bwg_container2_0 .tablenav-pages_0 {\t\t\t\ttext-align: center;\t\t\t\tfont-size: 12px;\t\t\t\tfont-family: Ubuntu;\t\t\t\tfont-weight: bold;\t\t\t\tcolor: #666666;\t\t\t\tmargin: 6px 0 4px;\t\t\t\tdisplay: block;      }      @media only screen and (max-width : 320px) {      #bwg_container1_0 #bwg_container2_0 .displaying-num_0 {     \t display: none;      }      }      #bwg_container1_0 #bwg_container2_0 .displaying-num_0 {\t\t\t\tfont-size: 12px;\t\t\t\tfont-family: Ubuntu;\t\t\t\tfont-weight: bold;\t\t\t\tcolor: #666666;\t\t\t\tmargin-right: 10px;\t\t\t\tvertical-align: middle;      }      #bwg_container1_0 #bwg_container2_0 .paging-input_0 {\t\t\t\tfont-size: 12px;\t\t\t\tfont-family: Ubuntu;\t\t\t\tfont-weight: bold;\t\t\t\tcolor: #666666;\t\t\t\tvertical-align: middle;      }      #bwg_container1_0 #bwg_container2_0 .tablenav-pages_0 a.disabled,      #bwg_container1_0 #bwg_container2_0 .tablenav-pages_0 a.disabled:hover,      #bwg_container1_0 #bwg_container2_0 .tablenav-pages_0 a.disabled:focus,\t\t\t#bwg_container1_0 #bwg_container2_0 .tablenav-pages_0 input.bwg_current_page {\t\t\t\tcursor: default;\t\t\t\tcolor: rgba(102, 102, 102, 0.5);      }      #bwg_container1_0 #bwg_container2_0 .tablenav-pages_0 a,      #bwg_container1_0 #bwg_container2_0 .tablenav-pages_0 input.bwg_current_page {\t\t\t\tcursor: pointer;\t\t\t\ttext-align: center;\t\t\t\tfont-size: 12px;\t\t\t\tfont-family: Ubuntu;\t\t\t\tfont-weight: bold;\t\t\t\tcolor: #666666;\t\t\t\ttext-decoration: none;\t\t\t\tpadding: 3px 6px;\t\t\t\tmargin: 0;\t\t\t\tborder-radius: 0;\t\t\t\tborder-style: solid;\t\t\t\tborder-width: 1px;\t\t\t\tborder-color: #E3E3E3;\t\t\t\t\t\t\t\tbackground-color: rgba(255, 255, 255, 1.00);\t\t\t\tbox-shadow: 0;\t\t\t\ttransition: all 0.3s ease 0s;-webkit-transition: all 0.3s ease 0s;      }            #bwg_container1_0 #bwg_container2_0 .tablenav-pages_0 a.next-page:hover,      #bwg_container1_0 #bwg_container2_0 .tablenav-pages_0 a.prev-page:hover {        color: #000000;      }      #bwg_container1_0 #bwg_container2_0 .tablenav-pages_0 .first-page,      #bwg_container1_0 #bwg_container2_0 .tablenav-pages_0 .last-page {        padding: 0% 7%;      }      #bwg_container1_0 #bwg_container2_0 .tablenav-pages_0 .next-page {        margin: 0% 4% 0% 0%;      }      #bwg_container1_0 #bwg_container2_0 .tablenav-pages_0 .prev-page {        margin: 0% 0% 0% 4%;      }      #bwg_container1_0 #bwg_container2_0 .tablenav-pages_0 a {        font-size: 15px !important;        padding: 0% 7% !important;        border-style: none !important;        border-width: 1px;        border-color: #E3E3E3;        background-color: #FFFFFF;        opacity: 1.00;        transition: all 0.3s ease 0s;-webkit-transition: all 0.3s ease 0s;      }      .bwg_image_browser#bwg_container1_0 #bwg_container2_0 .tablenav-pages_0 a {         padding: 0% 11% !important;      }\t\t\t#bwg_container1_0 #bwg_container2_0 .tablenav-pages_0 {        background-color: rgba(245, 245, 245, 0.90);        margin-top: 0;      }      .bwg_image_browser  .pagination-links_0 {        white-space: nowrap;      }      @media screen and (max-width: 465px) {        .bwg_image_browser#bwg_container1_0 #bwg_container2_0 .tablenav-pages_0 a {          padding: 0% 5% !important;          font-size: 13px;        }      }      <\/style>      <span class=\"bwg_nav_cont_0\">              <div class=\"tablenav-pages_0\">                  <\/div>                <input type=\"hidden\" id=\"page_number_0\" name=\"page_number_0\" value=\"1\" \/>      <script type=\"text\/javascript\">        if( jQuery('.bwg_nav_cont_0').length > 1 ) {          jQuery('.bwg_nav_cont_0').first().remove()        }        function spider_page_0(cur, x, y, load_more) {          if (typeof load_more == \"undefined\") {            var load_more = false;          }          if (jQuery(cur).hasClass('disabled')) {            return false;          }          var items_county_0 = 1;          switch (y) {            case 1:              if (x >= items_county_0) {                document.getElementById('page_number_0').value = items_county_0;              }              else {                document.getElementById('page_number_0').value = x + 1;              }              break;            case 2:              document.getElementById('page_number_0').value = items_county_0;              break;            case -1:              if (x == 1) {                document.getElementById('page_number_0').value = 1;              }              else {                document.getElementById('page_number_0').value = x - 1;              }              break;            case -2:              document.getElementById('page_number_0').value = 1;              break;\t\t\t\t\t\tcase 0:              document.getElementById('page_number_0').value = x;              break;            default:              document.getElementById('page_number_0').value = 1;          }          bwg_ajax('gal_front_form_0', '0', 'bwg_image_browser_0', '0', '', 'gallery', 0, '', '', load_more, '', 1);        }                    jQuery('.first-page-0').on('click', function () {              spider_page_0(this, 1, -2, 'numeric');              return false;            });            jQuery('.prev-page-0').on('click', function () {              spider_page_0(this, 1, -1, 'numeric');              return false;            });            jQuery('.next-page-0').on('click', function () {              spider_page_0(this, 1, 1, 'numeric');              return false;            });            jQuery('.last-page-0').on('click', function () {              spider_page_0(this, 1, 2, 'numeric');              return false;            });        \t\t\t\t\/* Change page on input enter. *\/        function bwg_change_page_0( e, that ) {          if (  e.key == 'Enter' ) {            var to_page = parseInt(jQuery(that).val());            var pages_count = jQuery(that).parents(\".pagination-links\").data(\"pages-count\");            var current_url_param = jQuery(that).attr('data-url-info');            if (to_page > pages_count) {              to_page = 1;            }\t \t\t\t\t\t\t\t\t\t\t\t\tspider_page_0(this, to_page, 0, 'numeric');\t\t\t\t\t\t\treturn false;\t\t\t\t\t\t          }          return true;        }        jQuery('.bwg_load_btn_0').on('click', function () {            spider_page_0(this, 1, 1, true);            return false;        });      <\/script>      <\/span>                <\/div>        <\/form>        <style>          #bwg_container1_0 #bwg_container2_0 #spider_popup_overlay_0 {          background-color: #EEEEEE;          opacity: 0.60;          }          <\/style>        <div id=\"bwg_spider_popup_loading_0\" class=\"bwg_spider_popup_loading\"><\/div>        <div id=\"spider_popup_overlay_0\" class=\"spider_popup_overlay\" onclick=\"spider_destroypopup(1000)\"><\/div>        <input type=\"hidden\" id=\"bwg_random_seed_0\" value=\"638717590\">                <\/div>    <\/div>    <script>      if (document.readyState === 'complete') {        if( typeof bwg_main_ready == 'function' ) {          if ( jQuery(\"#bwg_container1_0\").height() ) {            bwg_main_ready(jQuery(\"#bwg_container1_0\"));          }        }      } else {        document.addEventListener('DOMContentLoaded', function() {          if( typeof bwg_main_ready == 'function' ) {            if ( jQuery(\"#bwg_container1_0\").height() ) {             bwg_main_ready(jQuery(\"#bwg_container1_0\"));            }          }        });      }    <\/script>    \n","protected":false},"excerpt":{"rendered":"<p>Wind ist zurzeit die wichtigste nachhaltige Energiequelle. Der Mensch nutzt die Windenergie mindestens seit dem Fr\u00fchmittelalter, um Korn zu mahlen oder Wasser zu pumpen. Verbunden mit einem Generator l\u00e4sst sich &hellip; <\/p>\n<p class=\"link-more\"><a href=\"https:\/\/fablab.green\/wp\/wind\/\" class=\"more-link\"><span class=\"screen-reader-text\">\u201eWindkraftanlage\u201c<\/span> weiterlesen<\/a><\/p>\n","protected":false},"author":3,"featured_media":0,"parent":0,"menu_order":0,"comment_status":"closed","ping_status":"closed","template":"","meta":{"footnotes":""},"yoast_head":"<!-- This site is optimized with the Yoast SEO plugin v21.6 - https:\/\/yoast.com\/wordpress\/plugins\/seo\/ -->\n<title>Windkraftanlage - Green Fablab - Let&#039;s Act Green.<\/title>\n<meta name=\"robots\" content=\"index, follow, max-snippet:-1, max-image-preview:large, max-video-preview:-1\" \/>\n<link rel=\"canonical\" href=\"https:\/\/fablab.green\/wp\/en\/wind\/\" \/>\n<meta property=\"og:locale\" content=\"de_DE\" \/>\n<meta property=\"og:type\" content=\"article\" \/>\n<meta property=\"og:title\" content=\"Windkraftanlage\" \/>\n<meta property=\"og:description\" content=\"Wind ist zurzeit die wichtigste nachhaltige Energiequelle. Der Mensch nutzt die Windenergie mindestens seit dem Fr\u00fchmittelalter, um Korn zu mahlen oder Wasser zu pumpen. Verbunden mit einem Generator l\u00e4sst sich &hellip; \u201eWindkraftanlage\u201c weiterlesen\" \/>\n<meta property=\"og:url\" content=\"https:\/\/fablab.green\/wp\/en\/wind\/\" \/>\n<meta property=\"og:site_name\" content=\"Green Fablab - Let&#039;s Act Green.\" \/>\n<meta property=\"article:modified_time\" content=\"2023-11-29T11:07:07+00:00\" \/>\n<meta property=\"og:image\" content=\"https:\/\/fablab.green\/wp\/wp-content\/uploads\/2020\/08\/lossy-page1-758px-darrieus_02-1.jpg\" \/>\n<meta name=\"twitter:card\" content=\"summary_large_image\" \/>\n<meta name=\"twitter:label1\" content=\"Gesch\u00e4tzte Lesezeit\" \/>\n\t<meta name=\"twitter:data1\" content=\"2\u00a0Minuten\" \/>\n<script type=\"application\/ld+json\" class=\"yoast-schema-graph\">{\"@context\":\"https:\/\/schema.org\",\"@graph\":[{\"@type\":\"WebPage\",\"@id\":\"https:\/\/fablab.green\/wp\/en\/wind\/\",\"url\":\"https:\/\/fablab.green\/wp\/en\/wind\/\",\"name\":\"[:en]Wind Turbine[:de]Windkraftanlage[:] - Green Fablab - Let&#039;s Act Green.\",\"isPartOf\":{\"@id\":\"https:\/\/fablab.green\/wp\/#website\"},\"datePublished\":\"2020-08-05T10:21:56+00:00\",\"dateModified\":\"2023-11-29T11:07:07+00:00\",\"breadcrumb\":{\"@id\":\"https:\/\/fablab.green\/wp\/en\/wind\/#breadcrumb\"},\"inLanguage\":\"de-DE\",\"potentialAction\":[{\"@type\":\"ReadAction\",\"target\":[\"https:\/\/fablab.green\/wp\/en\/wind\/\"]}]},{\"@type\":\"BreadcrumbList\",\"@id\":\"https:\/\/fablab.green\/wp\/en\/wind\/#breadcrumb\",\"itemListElement\":[{\"@type\":\"ListItem\",\"position\":1,\"name\":\"Home\",\"item\":\"https:\/\/fablab.green\/wp\/en\/\"},{\"@type\":\"ListItem\",\"position\":2,\"name\":\"Wind Turbine\"}]},{\"@type\":\"WebSite\",\"@id\":\"https:\/\/fablab.green\/wp\/#website\",\"url\":\"https:\/\/fablab.green\/wp\/\",\"name\":\"Green Fablab - Let&#039;s Act Green.\",\"description\":\"Eine Einrichtung der Hochschule Rhein-Waal (HSRW)\",\"potentialAction\":[{\"@type\":\"SearchAction\",\"target\":{\"@type\":\"EntryPoint\",\"urlTemplate\":\"https:\/\/fablab.green\/wp\/?s={search_term_string}\"},\"query-input\":\"required name=search_term_string\"}],\"inLanguage\":\"de-DE\"}]}<\/script>\n<!-- \/ Yoast SEO plugin. -->","yoast_head_json":{"title":"Windkraftanlage - Green Fablab - Let&#039;s Act Green.","robots":{"index":"index","follow":"follow","max-snippet":"max-snippet:-1","max-image-preview":"max-image-preview:large","max-video-preview":"max-video-preview:-1"},"canonical":"https:\/\/fablab.green\/wp\/en\/wind\/","og_locale":"de_DE","og_type":"article","og_title":"[:en]Wind Turbine[:de]Windkraftanlage[:] - Green Fablab - Let&#039;s Act Green.","og_description":"Wind ist zurzeit die wichtigste nachhaltige Energiequelle. Der Mensch nutzt die Windenergie mindestens seit dem Fr\u00fchmittelalter, um Korn zu mahlen oder Wasser zu pumpen. Verbunden mit einem Generator l\u00e4sst sich &hellip; \u201eWindkraftanlage\u201c weiterlesen","og_url":"https:\/\/fablab.green\/wp\/en\/wind\/","og_site_name":"Green Fablab - Let&#039;s Act Green.","article_modified_time":"2023-11-29T11:07:07+00:00","og_image":[{"url":"https:\/\/fablab.green\/wp\/wp-content\/uploads\/2020\/08\/lossy-page1-758px-darrieus_02-1.jpg"}],"twitter_card":"summary_large_image","twitter_misc":{"Gesch\u00e4tzte Lesezeit":"2\u00a0Minuten"},"schema":{"@context":"https:\/\/schema.org","@graph":[{"@type":"WebPage","@id":"https:\/\/fablab.green\/wp\/en\/wind\/","url":"https:\/\/fablab.green\/wp\/en\/wind\/","name":"[:en]Wind Turbine[:de]Windkraftanlage[:] - Green Fablab - Let&#039;s Act Green.","isPartOf":{"@id":"https:\/\/fablab.green\/wp\/#website"},"datePublished":"2020-08-05T10:21:56+00:00","dateModified":"2023-11-29T11:07:07+00:00","breadcrumb":{"@id":"https:\/\/fablab.green\/wp\/en\/wind\/#breadcrumb"},"inLanguage":"de-DE","potentialAction":[{"@type":"ReadAction","target":["https:\/\/fablab.green\/wp\/en\/wind\/"]}]},{"@type":"BreadcrumbList","@id":"https:\/\/fablab.green\/wp\/en\/wind\/#breadcrumb","itemListElement":[{"@type":"ListItem","position":1,"name":"Home","item":"https:\/\/fablab.green\/wp\/en\/"},{"@type":"ListItem","position":2,"name":"Wind Turbine"}]},{"@type":"WebSite","@id":"https:\/\/fablab.green\/wp\/#website","url":"https:\/\/fablab.green\/wp\/","name":"Green Fablab - Let&#039;s Act Green.","description":"Eine Einrichtung der Hochschule Rhein-Waal (HSRW)","potentialAction":[{"@type":"SearchAction","target":{"@type":"EntryPoint","urlTemplate":"https:\/\/fablab.green\/wp\/?s={search_term_string}"},"query-input":"required name=search_term_string"}],"inLanguage":"de-DE"}]}},"_links":{"self":[{"href":"https:\/\/fablab.green\/wp\/wp-json\/wp\/v2\/pages\/645"}],"collection":[{"href":"https:\/\/fablab.green\/wp\/wp-json\/wp\/v2\/pages"}],"about":[{"href":"https:\/\/fablab.green\/wp\/wp-json\/wp\/v2\/types\/page"}],"author":[{"embeddable":true,"href":"https:\/\/fablab.green\/wp\/wp-json\/wp\/v2\/users\/3"}],"replies":[{"embeddable":true,"href":"https:\/\/fablab.green\/wp\/wp-json\/wp\/v2\/comments?post=645"}],"version-history":[{"count":3,"href":"https:\/\/fablab.green\/wp\/wp-json\/wp\/v2\/pages\/645\/revisions"}],"predecessor-version":[{"id":1568,"href":"https:\/\/fablab.green\/wp\/wp-json\/wp\/v2\/pages\/645\/revisions\/1568"}],"wp:attachment":[{"href":"https:\/\/fablab.green\/wp\/wp-json\/wp\/v2\/media?parent=645"}],"curies":[{"name":"wp","href":"https:\/\/api.w.org\/{rel}","templated":true}]}}